{"id":206,"date":"2022-04-27T12:23:31","date_gmt":"2022-04-27T10:23:31","guid":{"rendered":"https:\/\/www.neplast.sk\/?page_id=206"},"modified":"2023-04-21T13:19:30","modified_gmt":"2023-04-21T11:19:30","slug":"kontakt","status":"publish","type":"page","link":"https:\/\/www.neplast.sk\/?page_id=206","title":{"rendered":"kontakt"},"content":{"rendered":"\t\t<div data-elementor-type=\"wp-page\" data-elementor-id=\"206\" class=\"elementor elementor-206\" data-elementor-post-type=\"page\">\n\t\t\t\t\t\t<section class=\"elementor-section elementor-top-section elementor-element elementor-element-baa7529 elementor-section-height-min-height elementor-section-boxed elementor-section-height-default elementor-section-items-middle\" data-id=\"baa7529\" data-element_type=\"section\" data-e-type=\"section\" data-settings=\"{&quot;background_background&quot;:&quot;gradient&quot;,&quot;sticky&quot;:&quot;top&quot;,&quot;sticky_on&quot;:[&quot;desktop&quot;,&quot;tablet&quot;,&quot;mobile&quot;],&quot;sticky_offset&quot;:0,&quot;sticky_effects_offset&quot;:0,&quot;sticky_anchor_link_offset&quot;:0}\">\n\t\t\t\t\t\t<div class=\"elementor-container elementor-column-gap-default\">\n\t\t\t\t\t<div class=\"elementor-column elementor-col-33 elementor-top-column elementor-element elementor-element-719cd2c\" data-id=\"719cd2c\" data-element_type=\"column\" data-e-type=\"column\">\n\t\t\t<div class=\"elementor-widget-wrap elementor-element-populated\">\n\t\t\t\t\t\t<div class=\"elementor-element elementor-element-77529d7 elementor-widget elementor-widget-image\" data-id=\"77529d7\" data-element_type=\"widget\" data-e-type=\"widget\" data-widget_type=\"image.default\">\n\t\t\t\t<div class=\"elementor-widget-container\">\n\t\t\t\t\t\t\t\t\t\t\t\t\t\t\t\t<a href=\"https:\/\/www.neplast.sk\">\n\t\t\t\t\t\t\t<img fetchpriority=\"high\" decoding=\"async\" width=\"3038\" height=\"1500\" src=\"https:\/\/www.neplast.sk\/wp-content\/uploads\/2022\/04\/logo-NEplast.png\" class=\"attachment-full size-full wp-image-27\" alt=\"\" srcset=\"https:\/\/www.neplast.sk\/wp-content\/uploads\/2022\/04\/logo-NEplast.png 3038w, https:\/\/www.neplast.sk\/wp-content\/uploads\/2022\/04\/logo-NEplast-600x296.png 600w, https:\/\/www.neplast.sk\/wp-content\/uploads\/2022\/04\/logo-NEplast-300x148.png 300w, https:\/\/www.neplast.sk\/wp-content\/uploads\/2022\/04\/logo-NEplast-1024x506.png 1024w, https:\/\/www.neplast.sk\/wp-content\/uploads\/2022\/04\/logo-NEplast-768x379.png 768w, https:\/\/www.neplast.sk\/wp-content\/uploads\/2022\/04\/logo-NEplast-1536x758.png 1536w, https:\/\/www.neplast.sk\/wp-content\/uploads\/2022\/04\/logo-NEplast-2048x1011.png 2048w\" sizes=\"(max-width: 3038px) 100vw, 3038px\" \/>\t\t\t\t\t\t\t\t<\/a>\n\t\t\t\t\t\t\t\t\t\t\t\t\t\t\t<\/div>\n\t\t\t\t<\/div>\n\t\t\t\t\t<\/div>\n\t\t<\/div>\n\t\t\t\t<div class=\"elementor-column elementor-col-33 elementor-top-column elementor-element elementor-element-bf32997\" data-id=\"bf32997\" data-element_type=\"column\" data-e-type=\"column\">\n\t\t\t<div class=\"elementor-widget-wrap elementor-element-populated\">\n\t\t\t\t\t\t<div class=\"elementor-element elementor-element-46ef5b1 elementor-nav-menu__align-center elementor-nav-menu--dropdown-tablet elementor-nav-menu__text-align-aside elementor-nav-menu--toggle elementor-nav-menu--burger elementor-widget elementor-widget-nav-menu\" data-id=\"46ef5b1\" data-element_type=\"widget\" data-e-type=\"widget\" data-settings=\"{&quot;layout&quot;:&quot;horizontal&quot;,&quot;submenu_icon&quot;:{&quot;value&quot;:&quot;&lt;i class=\\&quot;fas fa-caret-down\\&quot;&gt;&lt;\\\/i&gt;&quot;,&quot;library&quot;:&quot;fa-solid&quot;},&quot;toggle&quot;:&quot;burger&quot;}\" data-widget_type=\"nav-menu.default\">\n\t\t\t\t<div class=\"elementor-widget-container\">\n\t\t\t\t\t\t\t\t<nav aria-label=\"Menu\" class=\"elementor-nav-menu--main elementor-nav-menu__container elementor-nav-menu--layout-horizontal e--pointer-underline e--animation-fade\">\n\t\t\t\t<ul id=\"menu-1-46ef5b1\" class=\"elementor-nav-menu\"><li class=\"menu-item menu-item-type-post_type menu-item-object-page menu-item-home menu-item-41\"><a href=\"https:\/\/www.neplast.sk\/\" class=\"elementor-item\">Domov<\/a><\/li>\n<li class=\"menu-item menu-item-type-custom menu-item-object-custom menu-item-home menu-item-215\"><a href=\"https:\/\/www.neplast.sk\/#velkoobchod\" class=\"elementor-item elementor-item-anchor\">Ve\u013ekoobchod<\/a><\/li>\n<li class=\"menu-item menu-item-type-custom menu-item-object-custom menu-item-home menu-item-216\"><a href=\"https:\/\/www.neplast.sk\/#onas\" class=\"elementor-item elementor-item-anchor\">O N\u00e1s<\/a><\/li>\n<li class=\"menu-item menu-item-type-post_type menu-item-object-page menu-item-217\"><a href=\"https:\/\/www.neplast.sk\/?page_id=206\" class=\"elementor-item\">Kontakt<\/a><\/li>\n<\/ul>\t\t\t<\/nav>\n\t\t\t\t\t<div class=\"elementor-menu-toggle\" role=\"button\" tabindex=\"0\" aria-label=\"Menu Toggle\" aria-expanded=\"false\">\n\t\t\t<i aria-hidden=\"true\" role=\"presentation\" class=\"elementor-menu-toggle__icon--open eicon-menu-bar\"><\/i><i aria-hidden=\"true\" role=\"presentation\" class=\"elementor-menu-toggle__icon--close eicon-close\"><\/i>\t\t<\/div>\n\t\t\t\t\t<nav class=\"elementor-nav-menu--dropdown elementor-nav-menu__container\" aria-hidden=\"true\">\n\t\t\t\t<ul id=\"menu-2-46ef5b1\" class=\"elementor-nav-menu\"><li class=\"menu-item menu-item-type-post_type menu-item-object-page menu-item-home menu-item-41\"><a href=\"https:\/\/www.neplast.sk\/\" class=\"elementor-item\" tabindex=\"-1\">Domov<\/a><\/li>\n<li class=\"menu-item menu-item-type-custom menu-item-object-custom menu-item-home menu-item-215\"><a href=\"https:\/\/www.neplast.sk\/#velkoobchod\" class=\"elementor-item elementor-item-anchor\" tabindex=\"-1\">Ve\u013ekoobchod<\/a><\/li>\n<li class=\"menu-item menu-item-type-custom menu-item-object-custom menu-item-home menu-item-216\"><a href=\"https:\/\/www.neplast.sk\/#onas\" class=\"elementor-item elementor-item-anchor\" tabindex=\"-1\">O N\u00e1s<\/a><\/li>\n<li class=\"menu-item menu-item-type-post_type menu-item-object-page menu-item-217\"><a href=\"https:\/\/www.neplast.sk\/?page_id=206\" class=\"elementor-item\" tabindex=\"-1\">Kontakt<\/a><\/li>\n<\/ul>\t\t\t<\/nav>\n\t\t\t\t\t\t<\/div>\n\t\t\t\t<\/div>\n\t\t\t\t\t<\/div>\n\t\t<\/div>\n\t\t\t\t<div class=\"elementor-column elementor-col-33 elementor-top-column elementor-element elementor-element-6fba1f2\" data-id=\"6fba1f2\" data-element_type=\"column\" data-e-type=\"column\">\n\t\t\t<div class=\"elementor-widget-wrap elementor-element-populated\">\n\t\t\t\t\t\t<div class=\"elementor-element elementor-element-d36ee9f toggle-icon--basket-solid remove-item-position--middle elementor-menu-cart--items-indicator-bubble elementor-menu-cart--show-subtotal-yes elementor-menu-cart--cart-type-side-cart elementor-menu-cart--show-remove-button-yes elementor-widget elementor-widget-woocommerce-menu-cart\" data-id=\"d36ee9f\" data-element_type=\"widget\" data-e-type=\"widget\" data-settings=\"{&quot;cart_type&quot;:&quot;side-cart&quot;,&quot;open_cart&quot;:&quot;click&quot;,&quot;automatically_open_cart&quot;:&quot;no&quot;}\" data-widget_type=\"woocommerce-menu-cart.default\">\n\t\t\t\t<div class=\"elementor-widget-container\">\n\t\t\t\t\t\t\t<div class=\"elementor-menu-cart__wrapper\">\n\t\t\t\t\t\t\t<div class=\"elementor-menu-cart__toggle_wrapper\">\n\t\t\t\t\t<div class=\"elementor-menu-cart__container elementor-lightbox\" aria-hidden=\"true\">\n\t\t\t\t\t\t<div class=\"elementor-menu-cart__main\" aria-hidden=\"true\">\n\t\t\t\t\t\t\t\t\t<div class=\"elementor-menu-cart__close-button\">\n\t\t\t\t\t<\/div>\n\t\t\t\t\t\t\t\t\t<div class=\"widget_shopping_cart_content\">\n\t\t\t\t\t\t\t\t\t\t\t\t\t\t\t<\/div>\n\t\t\t\t\t\t<\/div>\n\t\t\t\t\t<\/div>\n\t\t\t\t\t\t\t<div class=\"elementor-menu-cart__toggle elementor-button-wrapper\">\n\t\t\t<a id=\"elementor-menu-cart__toggle_button\" href=\"#\" class=\"elementor-menu-cart__toggle_button elementor-button elementor-size-sm\" aria-expanded=\"false\">\n\t\t\t\t<span class=\"elementor-button-text\"><span class=\"woocommerce-Price-amount amount\"><bdi>0,00&nbsp;<span class=\"woocommerce-Price-currencySymbol\">&euro;<\/span><\/bdi><\/span><\/span>\n\t\t\t\t<span class=\"elementor-button-icon\">\n\t\t\t\t\t<span class=\"elementor-button-icon-qty\" data-counter=\"0\">0<\/span>\n\t\t\t\t\t<i class=\"eicon-basket-solid\"><\/i>\t\t\t\t\t<span class=\"elementor-screen-only\">Cart<\/span>\n\t\t\t\t<\/span>\n\t\t\t<\/a>\n\t\t<\/div>\n\t\t\t\t\t\t<\/div>\n\t\t\t\t\t<\/div> <!-- close elementor-menu-cart__wrapper -->\n\t\t\t\t\t\t<\/div>\n\t\t\t\t<\/div>\n\t\t\t\t\t<\/div>\n\t\t<\/div>\n\t\t\t\t\t<\/div>\n\t\t<\/section>\n\t\t\t\t<section class=\"elementor-section elementor-top-section elementor-element elementor-element-2a98ae7 elementor-section-boxed elementor-section-height-default elementor-section-height-default\" data-id=\"2a98ae7\" data-element_type=\"section\" data-e-type=\"section\">\n\t\t\t\t\t\t<div class=\"elementor-container elementor-column-gap-default\">\n\t\t\t\t\t<div class=\"elementor-column elementor-col-100 elementor-top-column elementor-element elementor-element-4d9a434\" data-id=\"4d9a434\" data-element_type=\"column\" data-e-type=\"column\">\n\t\t\t<div class=\"elementor-widget-wrap elementor-element-populated\">\n\t\t\t\t\t\t<div class=\"elementor-element elementor-element-c75c6b4 elementor-widget elementor-widget-spacer\" data-id=\"c75c6b4\" data-element_type=\"widget\" data-e-type=\"widget\" data-widget_type=\"spacer.default\">\n\t\t\t\t<div class=\"elementor-widget-container\">\n\t\t\t\t\t\t\t<div class=\"elementor-spacer\">\n\t\t\t<div class=\"elementor-spacer-inner\"><\/div>\n\t\t<\/div>\n\t\t\t\t\t\t<\/div>\n\t\t\t\t<\/div>\n\t\t\t\t\t<\/div>\n\t\t<\/div>\n\t\t\t\t\t<\/div>\n\t\t<\/section>\n\t\t\t\t<section class=\"elementor-section elementor-top-section elementor-element elementor-element-ad37d64 elementor-section-boxed elementor-section-height-default elementor-section-height-default\" data-id=\"ad37d64\" data-element_type=\"section\" data-e-type=\"section\">\n\t\t\t\t\t\t<div class=\"elementor-container elementor-column-gap-default\">\n\t\t\t\t\t<div class=\"elementor-column elementor-col-50 elementor-top-column elementor-element elementor-element-4056f85\" data-id=\"4056f85\" data-element_type=\"column\" data-e-type=\"column\">\n\t\t\t<div class=\"elementor-widget-wrap elementor-element-populated\">\n\t\t\t\t\t\t<div class=\"elementor-element elementor-element-9883983 elementor-widget elementor-widget-google_maps\" data-id=\"9883983\" data-element_type=\"widget\" data-e-type=\"widget\" data-widget_type=\"google_maps.default\">\n\t\t\t\t<div class=\"elementor-widget-container\">\n\t\t\t\t\t\t\t<div class=\"elementor-custom-embed\">\n\t\t\t<iframe loading=\"lazy\"\n\t\t\t\t\tsrc=\"https:\/\/maps.google.com\/maps?q=Franc%C3%BAzkych%20partiz%C3%A1nov%2023%20Vr%C3%BAtky&#038;t=m&#038;z=13&#038;output=embed&#038;iwloc=near\"\n\t\t\t\t\ttitle=\"Franc\u00fazkych partiz\u00e1nov 23 Vr\u00fatky\"\n\t\t\t\t\taria-label=\"Franc\u00fazkych partiz\u00e1nov 23 Vr\u00fatky\"\n\t\t\t><\/iframe>\n\t\t<\/div>\n\t\t\t\t\t\t<\/div>\n\t\t\t\t<\/div>\n\t\t\t\t\t<\/div>\n\t\t<\/div>\n\t\t\t\t<div class=\"elementor-column elementor-col-50 elementor-top-column elementor-element elementor-element-f814e22\" data-id=\"f814e22\" data-element_type=\"column\" data-e-type=\"column\">\n\t\t\t<div class=\"elementor-widget-wrap elementor-element-populated\">\n\t\t\t\t\t\t<div class=\"elementor-element elementor-element-7ac001f elementor-widget elementor-widget-heading\" data-id=\"7ac001f\" data-element_type=\"widget\" data-e-type=\"widget\" data-widget_type=\"heading.default\">\n\t\t\t\t<div class=\"elementor-widget-container\">\n\t\t\t\t\t<h2 class=\"elementor-heading-title elementor-size-default\">Kontakt<\/h2>\t\t\t\t<\/div>\n\t\t\t\t<\/div>\n\t\t\t\t<div class=\"elementor-element elementor-element-d631afc elementor-widget elementor-widget-text-editor\" data-id=\"d631afc\" data-element_type=\"widget\" data-e-type=\"widget\" data-widget_type=\"text-editor.default\">\n\t\t\t\t<div class=\"elementor-widget-container\">\n\t\t\t\t\t\t\t\t\t<p>Adresa: Franc\u00fazkych partiz\u00e1nov 23, Vr\u00fatky 03861<\/p><p><span style=\"color: var( --e-global-color-text ); font-family: var( --e-global-typography-text-font-family ), Sans-serif; font-weight: var( --e-global-typography-text-font-weight );\">Email: puvak@neplast.sk \/ hustak@neplast.sk<\/span><\/p><p>TEL:\u00a0 0917621087 \/<span style=\"background-color: #ffffff; color: #4d5156; font-family: arial, sans-serif; font-size: 14px; font-weight: var( --e-global-typography-text-font-weight );\">\u00a0<\/span><span style=\"color: var( --e-global-color-text ); font-family: var( --e-global-typography-text-font-family ), Sans-serif; font-weight: var( --e-global-typography-text-font-weight );\">0915106097<\/span><\/p><p>\u00a0<\/p>\t\t\t\t\t\t\t\t<\/div>\n\t\t\t\t<\/div>\n\t\t\t\t\t<\/div>\n\t\t<\/div>\n\t\t\t\t\t<\/div>\n\t\t<\/section>\n\t\t\t\t<\/div>\n\t\t","protected":false},"excerpt":{"rendered":"<p>Kontakt Adresa: Franc\u00fazkych partiz\u00e1nov 23, Vr\u00fatky 03861 Email: puvak@neplast.sk \/ hustak@neplast.sk TEL:\u00a0 0917621087 \/\u00a00915106097 \u00a0<\/p>\n","protected":false},"author":1,"featured_media":0,"parent":0,"menu_order":0,"comment_status":"closed","ping_status":"closed","template":"","meta":{"two_page_speed":{"current_score":{"desktop_score":91,"desktop_tti":"0.5\u00a0","mobile_score":65,"mobile_tti":"6.4\u00a0","date":"21.04.2023 01:20:29 pm","status":"completed"}},"footnotes":""},"class_list":["post-206","page","type-page","status-publish","hentry"],"yoast_head":"<!-- This site is optimized with the Yoast SEO plugin v27.5 - https:\/\/yoast.com\/product\/yoast-seo-wordpress\/ -->\n<title>kontakt - NEplast s.r.o.<\/title>\n<meta name=\"robots\" content=\"index, follow, max-snippet:-1, max-image-preview:large, max-video-preview:-1\" \/>\n<link rel=\"canonical\" href=\"https:\/\/www.neplast.sk\/?page_id=206\" \/>\n<meta property=\"og:locale\" content=\"sk_SK\" \/>\n<meta property=\"og:type\" content=\"article\" \/>\n<meta property=\"og:title\" content=\"kontakt - NEplast s.r.o.\" \/>\n<meta property=\"og:description\" content=\"Kontakt Adresa: Franc\u00fazkych partiz\u00e1nov 23, Vr\u00fatky 03861 Email: puvak@neplast.sk \/ hustak@neplast.sk TEL:\u00a0 0917621087 \/\u00a00915106097 \u00a0\" \/>\n<meta property=\"og:url\" content=\"https:\/\/www.neplast.sk\/?page_id=206\" \/>\n<meta property=\"og:site_name\" content=\"NEplast s.r.o.\" \/>\n<meta property=\"article:modified_time\" content=\"2023-04-21T11:19:30+00:00\" \/>\n<meta property=\"og:image\" content=\"https:\/\/www.neplast.sk\/wp-content\/uploads\/2022\/04\/logo-NEplast.png\" \/>\n<meta name=\"twitter:card\" content=\"summary_large_image\" \/>\n<meta name=\"twitter:label1\" content=\"Predpokladan\u00fd \u010das \u010d\u00edtania\" \/>\n\t<meta name=\"twitter:data1\" content=\"1 min\u00fata\" \/>\n<script type=\"application\/ld+json\" class=\"yoast-schema-graph\">{\"@context\":\"https:\\\/\\\/schema.org\",\"@graph\":[{\"@type\":\"WebPage\",\"@id\":\"https:\\\/\\\/www.neplast.sk\\\/?page_id=206\",\"url\":\"https:\\\/\\\/www.neplast.sk\\\/?page_id=206\",\"name\":\"kontakt - NEplast s.r.o.\",\"isPartOf\":{\"@id\":\"https:\\\/\\\/www.neplast.sk\\\/#website\"},\"primaryImageOfPage\":{\"@id\":\"https:\\\/\\\/www.neplast.sk\\\/?page_id=206#primaryimage\"},\"image\":{\"@id\":\"https:\\\/\\\/www.neplast.sk\\\/?page_id=206#primaryimage\"},\"thumbnailUrl\":\"https:\\\/\\\/www.neplast.sk\\\/wp-content\\\/uploads\\\/2022\\\/04\\\/logo-NEplast.png\",\"datePublished\":\"2022-04-27T10:23:31+00:00\",\"dateModified\":\"2023-04-21T11:19:30+00:00\",\"breadcrumb\":{\"@id\":\"https:\\\/\\\/www.neplast.sk\\\/?page_id=206#breadcrumb\"},\"inLanguage\":\"sk-SK\",\"potentialAction\":[{\"@type\":\"ReadAction\",\"target\":[\"https:\\\/\\\/www.neplast.sk\\\/?page_id=206\"]}]},{\"@type\":\"ImageObject\",\"inLanguage\":\"sk-SK\",\"@id\":\"https:\\\/\\\/www.neplast.sk\\\/?page_id=206#primaryimage\",\"url\":\"https:\\\/\\\/www.neplast.sk\\\/wp-content\\\/uploads\\\/2022\\\/04\\\/logo-NEplast.png\",\"contentUrl\":\"https:\\\/\\\/www.neplast.sk\\\/wp-content\\\/uploads\\\/2022\\\/04\\\/logo-NEplast.png\",\"width\":3038,\"height\":1500},{\"@type\":\"BreadcrumbList\",\"@id\":\"https:\\\/\\\/www.neplast.sk\\\/?page_id=206#breadcrumb\",\"itemListElement\":[{\"@type\":\"ListItem\",\"position\":1,\"name\":\"Home\",\"item\":\"https:\\\/\\\/www.neplast.sk\\\/\"},{\"@type\":\"ListItem\",\"position\":2,\"name\":\"kontakt\"}]},{\"@type\":\"WebSite\",\"@id\":\"https:\\\/\\\/www.neplast.sk\\\/#website\",\"url\":\"https:\\\/\\\/www.neplast.sk\\\/\",\"name\":\"NEplast s.r.o.\",\"description\":\"Velkoobchod a v\u00fdroba gastro obalov!\",\"potentialAction\":[{\"@type\":\"SearchAction\",\"target\":{\"@type\":\"EntryPoint\",\"urlTemplate\":\"https:\\\/\\\/www.neplast.sk\\\/?s={search_term_string}\"},\"query-input\":{\"@type\":\"PropertyValueSpecification\",\"valueRequired\":true,\"valueName\":\"search_term_string\"}}],\"inLanguage\":\"sk-SK\"}]}<\/script>\n<!-- \/ Yoast SEO plugin. -->","yoast_head_json":{"title":"kontakt - NEplast s.r.o.","robots":{"index":"index","follow":"follow","max-snippet":"max-snippet:-1","max-image-preview":"max-image-preview:large","max-video-preview":"max-video-preview:-1"},"canonical":"https:\/\/www.neplast.sk\/?page_id=206","og_locale":"sk_SK","og_type":"article","og_title":"kontakt - NEplast s.r.o.","og_description":"Kontakt Adresa: Franc\u00fazkych partiz\u00e1nov 23, Vr\u00fatky 03861 Email: puvak@neplast.sk \/ hustak@neplast.sk TEL:\u00a0 0917621087 \/\u00a00915106097 \u00a0","og_url":"https:\/\/www.neplast.sk\/?page_id=206","og_site_name":"NEplast s.r.o.","article_modified_time":"2023-04-21T11:19:30+00:00","og_image":[{"url":"https:\/\/www.neplast.sk\/wp-content\/uploads\/2022\/04\/logo-NEplast.png","type":"","width":"","height":""}],"twitter_card":"summary_large_image","twitter_misc":{"Predpokladan\u00fd \u010das \u010d\u00edtania":"1 min\u00fata"},"schema":{"@context":"https:\/\/schema.org","@graph":[{"@type":"WebPage","@id":"https:\/\/www.neplast.sk\/?page_id=206","url":"https:\/\/www.neplast.sk\/?page_id=206","name":"kontakt - NEplast s.r.o.","isPartOf":{"@id":"https:\/\/www.neplast.sk\/#website"},"primaryImageOfPage":{"@id":"https:\/\/www.neplast.sk\/?page_id=206#primaryimage"},"image":{"@id":"https:\/\/www.neplast.sk\/?page_id=206#primaryimage"},"thumbnailUrl":"https:\/\/www.neplast.sk\/wp-content\/uploads\/2022\/04\/logo-NEplast.png","datePublished":"2022-04-27T10:23:31+00:00","dateModified":"2023-04-21T11:19:30+00:00","breadcrumb":{"@id":"https:\/\/www.neplast.sk\/?page_id=206#breadcrumb"},"inLanguage":"sk-SK","potentialAction":[{"@type":"ReadAction","target":["https:\/\/www.neplast.sk\/?page_id=206"]}]},{"@type":"ImageObject","inLanguage":"sk-SK","@id":"https:\/\/www.neplast.sk\/?page_id=206#primaryimage","url":"https:\/\/www.neplast.sk\/wp-content\/uploads\/2022\/04\/logo-NEplast.png","contentUrl":"https:\/\/www.neplast.sk\/wp-content\/uploads\/2022\/04\/logo-NEplast.png","width":3038,"height":1500},{"@type":"BreadcrumbList","@id":"https:\/\/www.neplast.sk\/?page_id=206#breadcrumb","itemListElement":[{"@type":"ListItem","position":1,"name":"Home","item":"https:\/\/www.neplast.sk\/"},{"@type":"ListItem","position":2,"name":"kontakt"}]},{"@type":"WebSite","@id":"https:\/\/www.neplast.sk\/#website","url":"https:\/\/www.neplast.sk\/","name":"NEplast s.r.o.","description":"Velkoobchod a v\u00fdroba gastro obalov!","potentialAction":[{"@type":"SearchAction","target":{"@type":"EntryPoint","urlTemplate":"https:\/\/www.neplast.sk\/?s={search_term_string}"},"query-input":{"@type":"PropertyValueSpecification","valueRequired":true,"valueName":"search_term_string"}}],"inLanguage":"sk-SK"}]}},"_links":{"self":[{"href":"https:\/\/www.neplast.sk\/index.php?rest_route=\/wp\/v2\/pages\/206","targetHints":{"allow":["GET"]}}],"collection":[{"href":"https:\/\/www.neplast.sk\/index.php?rest_route=\/wp\/v2\/pages"}],"about":[{"href":"https:\/\/www.neplast.sk\/index.php?rest_route=\/wp\/v2\/types\/page"}],"author":[{"embeddable":true,"href":"https:\/\/www.neplast.sk\/index.php?rest_route=\/wp\/v2\/users\/1"}],"replies":[{"embeddable":true,"href":"https:\/\/www.neplast.sk\/index.php?rest_route=%2Fwp%2Fv2%2Fcomments&post=206"}],"version-history":[{"count":6,"href":"https:\/\/www.neplast.sk\/index.php?rest_route=\/wp\/v2\/pages\/206\/revisions"}],"predecessor-version":[{"id":1183,"href":"https:\/\/www.neplast.sk\/index.php?rest_route=\/wp\/v2\/pages\/206\/revisions\/1183"}],"wp:attachment":[{"href":"https:\/\/www.neplast.sk\/index.php?rest_route=%2Fwp%2Fv2%2Fmedia&parent=206"}],"curies":[{"name":"wp","href":"https:\/\/api.w.org\/{rel}","templated":true}]}}